{"id":146,"date":"2023-12-12T13:45:05","date_gmt":"2023-12-12T12:45:05","guid":{"rendered":"https:\/\/claroscuro-studio.com\/index.php\/home\/"},"modified":"2025-09-10T21:46:35","modified_gmt":"2025-09-10T19:46:35","slug":"home","status":"publish","type":"page","link":"https:\/\/claroscuro-studio.com\/es\/","title":{"rendered":"Hogar"},"content":{"rendered":"<div data-elementor-type=\"wp-page\" data-elementor-id=\"146\" class=\"elementor elementor-146\" data-elementor-post-type=\"page\">\n\t\t\t\t\t\t<header class=\"elementor-section elementor-top-section elementor-element elementor-element-db485a9 elementor-section-height-min-height elementor-section-items-stretch elementor-section-content-middle elementor-section-full_width elementor-section-height-default\" data-id=\"db485a9\" data-element_type=\"section\">\n\t\t\t\t\t\t<div class=\"elementor-container elementor-column-gap-wide\">\n\t\t\t\t\t<div class=\"elementor-column elementor-col-33 elementor-top-column elementor-element elementor-element-960fdf7\" data-id=\"960fdf7\" data-element_type=\"column\">\n\t\t\t<div class=\"elementor-widget-wrap elementor-element-populated\">\n\t\t\t\t\t\t<div class=\"elementor-element elementor-element-b162938 elementor-nav-menu--dropdown-none elementor-widget elementor-widget-nav-menu\" data-id=\"b162938\" data-element_type=\"widget\" data-settings=\"{&quot;layout&quot;:&quot;horizontal&quot;,&quot;submenu_icon&quot;:{&quot;value&quot;:&quot;&lt;svg class=\\&quot;e-font-icon-svg e-fas-caret-down\\&quot; viewBox=\\&quot;0 0 320 512\\&quot; xmlns=\\&quot;http:\\\/\\\/www.w3.org\\\/2000\\\/svg\\&quot;&gt;&lt;path d=\\&quot;M31.3 192h257.3c17.8 0 26.7 21.5 14.1 34.1L174.1 354.8c-7.8 7.8-20.5 7.8-28.3 0L17.2 226.1C4.6 213.5 13.5 192 31.3 192z\\&quot;&gt;&lt;\\\/path&gt;&lt;\\\/svg&gt;&quot;,&quot;library&quot;:&quot;fa-solid&quot;}}\" data-widget_type=\"nav-menu.default\">\n\t\t\t\t<div class=\"elementor-widget-container\">\n\t\t\t\t\t\t\t\t<nav aria-label=\"Men\u00fa\" class=\"elementor-nav-menu--main elementor-nav-menu__container elementor-nav-menu--layout-horizontal e--pointer-underline e--animation-fade\">\n\t\t\t\t<ul id=\"menu-1-b162938\" class=\"elementor-nav-menu\"><li class=\"trp-language-switcher-container menu-item menu-item-type-post_type menu-item-object-language_switcher current-language-menu-item menu-item-809\"><a href=\"https:\/\/claroscuro-studio.com\/es\/wp-json\/wp\/v2\/pages\/146\" class=\"elementor-item elementor-item-anchor\"><span data-no-translation><span class=\"trp-ls-language-name\">EN<\/span><\/span><\/a><\/li>\n<\/ul>\t\t\t<\/nav>\n\t\t\t\t\t\t<nav class=\"elementor-nav-menu--dropdown elementor-nav-menu__container\" aria-hidden=\"true\">\n\t\t\t\t<ul id=\"menu-2-b162938\" class=\"elementor-nav-menu\"><li class=\"trp-language-switcher-container menu-item menu-item-type-post_type menu-item-object-language_switcher current-language-menu-item menu-item-809\"><a href=\"https:\/\/claroscuro-studio.com\/es\/wp-json\/wp\/v2\/pages\/146\" class=\"elementor-item elementor-item-anchor\" tabindex=\"-1\"><span data-no-translation><span class=\"trp-ls-language-name\">EN<\/span><\/span><\/a><\/li>\n<\/ul>\t\t\t<\/nav>\n\t\t\t\t\t\t<\/div>\n\t\t\t\t<\/div>\n\t\t\t\t\t<\/div>\n\t\t<\/div>\n\t\t\t\t<div class=\"elementor-column elementor-col-33 elementor-top-column elementor-element elementor-element-1279443\" data-id=\"1279443\" data-element_type=\"column\">\n\t\t\t<div class=\"elementor-widget-wrap\">\n\t\t\t\t\t\t\t<\/div>\n\t\t<\/div>\n\t\t\t\t<div class=\"elementor-column elementor-col-33 elementor-top-column elementor-element elementor-element-764b7ff\" data-id=\"764b7ff\" data-element_type=\"column\">\n\t\t\t<div class=\"elementor-widget-wrap elementor-element-populated\">\n\t\t\t\t\t\t<div class=\"elementor-element elementor-element-b1b9b5a elementor-widget-mobile__width-initial elementor-widget elementor-widget-image\" data-id=\"b1b9b5a\" data-element_type=\"widget\" data-widget_type=\"image.default\">\n\t\t\t\t<div class=\"elementor-widget-container\">\n\t\t\t\t\t\t\t\t\t\t\t\t\t\t\t\t<a href=\"#elementor-action%3Aaction%3Dpopup%3Aopen%26settings%3DeyJpZCI6IjYxIiwidG9nZ2xlIjpmYWxzZX0%3D\">\n\t\t\t\t\t\t\t<img decoding=\"async\" width=\"143\" height=\"106\" src=\"https:\/\/claroscuro-studio.com\/wp-content\/uploads\/2023\/12\/menu-clarosscuro-1-1.png\" class=\"attachment-full size-full wp-image-1445\" alt=\"\" srcset=\"https:\/\/claroscuro-studio.com\/wp-content\/uploads\/2023\/12\/menu-clarosscuro-1-1.png 143w, https:\/\/claroscuro-studio.com\/wp-content\/uploads\/2023\/12\/menu-clarosscuro-1-1-16x12.png 16w\" sizes=\"(max-width: 143px) 100vw, 143px\" \/>\t\t\t\t\t\t\t\t<\/a>\n\t\t\t\t\t\t\t\t\t\t\t\t\t\t\t<\/div>\n\t\t\t\t<\/div>\n\t\t\t\t\t<\/div>\n\t\t<\/div>\n\t\t\t\t\t<\/div>\n\t\t<\/header>\n\t\t\t\t<section class=\"elementor-section elementor-top-section elementor-element elementor-element-565cd8c elementor-section-boxed elementor-section-height-default elementor-section-height-default\" data-id=\"565cd8c\" data-element_type=\"section\">\n\t\t\t\t\t\t<div class=\"elementor-container elementor-column-gap-default\">\n\t\t\t\t\t<div class=\"elementor-column elementor-col-100 elementor-top-column elementor-element elementor-element-6c43ff2\" data-id=\"6c43ff2\" data-element_type=\"column\">\n\t\t\t<div class=\"elementor-widget-wrap elementor-element-populated\">\n\t\t\t\t\t\t<div class=\"elementor-element elementor-element-347bf34 elementor-widget elementor-widget-image\" data-id=\"347bf34\" data-element_type=\"widget\" data-widget_type=\"image.default\">\n\t\t\t\t<div class=\"elementor-widget-container\">\n\t\t\t\t\t\t\t\t\t\t\t\t\t\t\t<img fetchpriority=\"high\" decoding=\"async\" width=\"1024\" height=\"400\" src=\"https:\/\/claroscuro-studio.com\/wp-content\/uploads\/2023\/12\/Logo.png\" class=\"attachment-full size-full wp-image-34\" alt=\"\" srcset=\"https:\/\/claroscuro-studio.com\/wp-content\/uploads\/2023\/12\/Logo.png 1024w, https:\/\/claroscuro-studio.com\/wp-content\/uploads\/2023\/12\/Logo-300x117.png 300w, https:\/\/claroscuro-studio.com\/wp-content\/uploads\/2023\/12\/Logo-768x300.png 768w\" sizes=\"(max-width: 1024px) 100vw, 1024px\" \/>\t\t\t\t\t\t\t\t\t\t\t\t\t\t\t<\/div>\n\t\t\t\t<\/div>\n\t\t\t\t<div class=\"elementor-element elementor-element-182d1cf elementor-widget elementor-widget-spacer\" data-id=\"182d1cf\" data-element_type=\"widget\" data-widget_type=\"spacer.default\">\n\t\t\t\t<div class=\"elementor-widget-container\">\n\t\t\t\t\t\t\t<div class=\"elementor-spacer\">\n\t\t\t<div class=\"elementor-spacer-inner\"><\/div>\n\t\t<\/div>\n\t\t\t\t\t\t<\/div>\n\t\t\t\t<\/div>\n\t\t\t\t\t<\/div>\n\t\t<\/div>\n\t\t\t\t\t<\/div>\n\t\t<\/section>\n\t\t\t\t<section class=\"elementor-section elementor-top-section elementor-element elementor-element-b7a4253 elementor-section-height-min-height elementor-section-full_width elementor-section-height-default elementor-section-items-middle\" data-id=\"b7a4253\" data-element_type=\"section\" data-settings=\"{&quot;background_background&quot;:&quot;classic&quot;}\">\n\t\t\t\t\t\t<div class=\"elementor-container elementor-column-gap-no\">\n\t\t\t\t\t<div class=\"elementor-column elementor-col-100 elementor-top-column elementor-element elementor-element-f502e30\" data-id=\"f502e30\" data-element_type=\"column\">\n\t\t\t<div class=\"elementor-widget-wrap\">\n\t\t\t\t\t\t\t<\/div>\n\t\t<\/div>\n\t\t\t\t\t<\/div>\n\t\t<\/section>\n\t\t\t\t<section class=\"elementor-section elementor-top-section elementor-element elementor-element-37c7581 elementor-section-height-min-height elementor-section-boxed elementor-section-height-default elementor-section-items-middle\" data-id=\"37c7581\" data-element_type=\"section\">\n\t\t\t\t\t\t<div class=\"elementor-container elementor-column-gap-default\">\n\t\t\t\t\t<div class=\"elementor-column elementor-col-100 elementor-top-column elementor-element elementor-element-e0b78c4\" data-id=\"e0b78c4\" data-element_type=\"column\">\n\t\t\t<div class=\"elementor-widget-wrap elementor-element-populated\">\n\t\t\t\t\t\t<div class=\"elementor-element elementor-element-e23aba6 elementor-widget elementor-widget-heading\" data-id=\"e23aba6\" data-element_type=\"widget\" data-widget_type=\"heading.default\">\n\t\t\t\t<div class=\"elementor-widget-container\">\n\t\t\t\t\t<h2 class=\"elementor-heading-title elementor-size-default\">CLAROSCURO ES UN ESTUDIO DE ARQUITECTURA DE PAISAJE<\/h2>\t\t\t\t<\/div>\n\t\t\t\t<\/div>\n\t\t\t\t<div class=\"elementor-element elementor-element-746bd25f elementor-widget elementor-widget-text-editor\" data-id=\"746bd25f\" data-element_type=\"widget\" data-widget_type=\"text-editor.default\">\n\t\t\t\t<div class=\"elementor-widget-container\">\n\t\t\t\t\t\t\t\t\t<p>Con una profunda comprensi\u00f3n de la relaci\u00f3n entre el espacio y la naturaleza, Claroscuro Studio se enfoca en crear ambientes arm\u00f3nicos que fusionan lo contempor\u00e1neo con lo org\u00e1nico, capturando la esencia del lugar y, al mismo tiempo, respetando el entorno y la cultura local. En cada proyecto refleja su compromiso con la sostenibilidad, la funcionalidad y una est\u00e9tica atemporal, buscando no s\u00f3lo dise\u00f1ar espacios verdes, sino tambi\u00e9n generar experiencias \u00fanicas que enriquecen la vida de quienes los ocupan. Nuestro trabajo demuestra un compromiso por integrar a la naturaleza en la vida urbana, invitando a un di\u00e1logo armonioso entre lo construido y lo natural en medio de lo urbano.<\/p>\t\t\t\t\t\t\t\t<\/div>\n\t\t\t\t<\/div>\n\t\t\t\t\t<\/div>\n\t\t<\/div>\n\t\t\t\t\t<\/div>\n\t\t<\/section>\n\t\t\t\t<section class=\"elementor-section elementor-top-section elementor-element elementor-element-04f14ce elementor-section-height-min-height elementor-section-boxed elementor-section-height-default elementor-section-items-middle\" data-id=\"04f14ce\" data-element_type=\"section\">\n\t\t\t\t\t\t<div class=\"elementor-container elementor-column-gap-default\">\n\t\t\t\t\t<div class=\"elementor-column elementor-col-100 elementor-top-column elementor-element elementor-element-04df109\" data-id=\"04df109\" data-element_type=\"column\">\n\t\t\t<div class=\"elementor-widget-wrap elementor-element-populated\">\n\t\t\t\t\t\t<div class=\"elementor-element elementor-element-92e4a00 elementor-widget elementor-widget-heading\" data-id=\"92e4a00\" data-element_type=\"widget\" data-widget_type=\"heading.default\">\n\t\t\t\t<div class=\"elementor-widget-container\">\n\t\t\t\t\t<h2 class=\"elementor-heading-title elementor-size-default\"><a href=\"https:\/\/claroscuro-studio.com\/es\/inspiracion\/\">Inspiracion<\/a><\/h2>\t\t\t\t<\/div>\n\t\t\t\t<\/div>\n\t\t\t\t<div class=\"elementor-element elementor-element-1e4ffcf elementor-widget elementor-widget-image-carousel\" data-id=\"1e4ffcf\" data-element_type=\"widget\" data-settings=\"{&quot;slides_to_show&quot;:&quot;3&quot;,&quot;slides_to_scroll&quot;:&quot;3&quot;,&quot;navigation&quot;:&quot;none&quot;,&quot;lazyload&quot;:&quot;yes&quot;,&quot;autoplay_speed&quot;:4000,&quot;image_spacing_custom&quot;:{&quot;unit&quot;:&quot;px&quot;,&quot;size&quot;:5,&quot;sizes&quot;:[]},&quot;pause_on_hover&quot;:&quot;no&quot;,&quot;pause_on_interaction&quot;:&quot;no&quot;,&quot;autoplay&quot;:&quot;yes&quot;,&quot;infinite&quot;:&quot;yes&quot;,&quot;speed&quot;:500,&quot;image_spacing_custom_tablet&quot;:{&quot;unit&quot;:&quot;px&quot;,&quot;size&quot;:&quot;&quot;,&quot;sizes&quot;:[]},&quot;image_spacing_custom_mobile&quot;:{&quot;unit&quot;:&quot;px&quot;,&quot;size&quot;:&quot;&quot;,&quot;sizes&quot;:[]}}\" data-widget_type=\"image-carousel.default\">\n\t\t\t\t<div class=\"elementor-widget-container\">\n\t\t\t\t\t\t\t<div class=\"elementor-image-carousel-wrapper swiper\" role=\"region\" aria-roledescription=\"carousel\" aria-label=\"Carrusel de im\u00e1genes\" dir=\"ltr\">\n\t\t\t<div class=\"elementor-image-carousel swiper-wrapper swiper-image-stretch\" aria-live=\"off\">\n\t\t\t\t\t\t\t\t<div class=\"swiper-slide\" role=\"group\" aria-roledescription=\"slide\" aria-label=\"1 de 18\"><a data-elementor-open-lightbox=\"yes\" data-elementor-lightbox-slideshow=\"1e4ffcf\" data-e-action-hash=\"#elementor-action%3Aaction%3Dlightbox%26settings%3DeyJpZCI6ODg3LCJ1cmwiOiJodHRwczpcL1wvY2xhcm9zY3Vyby1zdHVkaW8uY29tXC93cC1jb250ZW50XC91cGxvYWRzXC8yMDI0XC8wMlwvSU1HXzI5MjYuanBnIiwic2xpZGVzaG93IjoiMWU0ZmZjZiJ9\" href=\"https:\/\/claroscuro-studio.com\/es\/inspiracion\/\"><figure class=\"swiper-slide-inner\"><img class=\"swiper-slide-image swiper-lazy\" data-src=\"https:\/\/claroscuro-studio.com\/wp-content\/uploads\/2024\/02\/IMG_2926.jpg\" alt=\"IMG_2926\" \/><div class=\"swiper-lazy-preloader\"><\/div><\/figure><\/a><\/div><div class=\"swiper-slide\" role=\"group\" aria-roledescription=\"slide\" aria-label=\"2 de 18\"><a data-elementor-open-lightbox=\"yes\" data-elementor-lightbox-slideshow=\"1e4ffcf\" data-e-action-hash=\"#elementor-action%3Aaction%3Dlightbox%26settings%3DeyJpZCI6ODg4LCJ1cmwiOiJodHRwczpcL1wvY2xhcm9zY3Vyby1zdHVkaW8uY29tXC93cC1jb250ZW50XC91cGxvYWRzXC8yMDI0XC8wMlwvSU1HXzQyNjAuanBnIiwic2xpZGVzaG93IjoiMWU0ZmZjZiJ9\" href=\"https:\/\/claroscuro-studio.com\/es\/inspiracion\/\"><figure class=\"swiper-slide-inner\"><img class=\"swiper-slide-image swiper-lazy\" data-src=\"https:\/\/claroscuro-studio.com\/wp-content\/uploads\/2024\/02\/IMG_4260.jpg\" alt=\"IMG_4260\" \/><div class=\"swiper-lazy-preloader\"><\/div><\/figure><\/a><\/div><div class=\"swiper-slide\" role=\"group\" aria-roledescription=\"slide\" aria-label=\"3 de 18\"><a data-elementor-open-lightbox=\"yes\" data-elementor-lightbox-slideshow=\"1e4ffcf\" data-e-action-hash=\"#elementor-action%3Aaction%3Dlightbox%26settings%3DeyJpZCI6ODg2LCJ1cmwiOiJodHRwczpcL1wvY2xhcm9zY3Vyby1zdHVkaW8uY29tXC93cC1jb250ZW50XC91cGxvYWRzXC8yMDI0XC8wMlwvSU1HXzI2NzUuanBnIiwic2xpZGVzaG93IjoiMWU0ZmZjZiJ9\" href=\"https:\/\/claroscuro-studio.com\/es\/inspiracion\/\"><figure class=\"swiper-slide-inner\"><img class=\"swiper-slide-image swiper-lazy\" data-src=\"https:\/\/claroscuro-studio.com\/wp-content\/uploads\/2024\/02\/IMG_2675.jpg\" alt=\"IMG_2675\" \/><div class=\"swiper-lazy-preloader\"><\/div><\/figure><\/a><\/div><div class=\"swiper-slide\" role=\"group\" aria-roledescription=\"slide\" aria-label=\"4 de 18\"><a data-elementor-open-lightbox=\"yes\" data-elementor-lightbox-slideshow=\"1e4ffcf\" data-e-action-hash=\"#elementor-action%3Aaction%3Dlightbox%26settings%3DeyJpZCI6ODgyLCJ1cmwiOiJodHRwczpcL1wvY2xhcm9zY3Vyby1zdHVkaW8uY29tXC93cC1jb250ZW50XC91cGxvYWRzXC8yMDI0XC8wMlwvSU1HXzA1MDAtcm90YXRlZC5qcGciLCJzbGlkZXNob3ciOiIxZTRmZmNmIn0%3D\" href=\"https:\/\/claroscuro-studio.com\/es\/inspiracion\/\"><figure class=\"swiper-slide-inner\"><img class=\"swiper-slide-image swiper-lazy\" data-src=\"https:\/\/claroscuro-studio.com\/wp-content\/uploads\/2024\/02\/IMG_0500-rotated.jpg\" alt=\"IMG_0500\" \/><div class=\"swiper-lazy-preloader\"><\/div><\/figure><\/a><\/div><div class=\"swiper-slide\" role=\"group\" aria-roledescription=\"slide\" aria-label=\"5 de 18\"><a data-elementor-open-lightbox=\"yes\" data-elementor-lightbox-slideshow=\"1e4ffcf\" data-e-action-hash=\"#elementor-action%3Aaction%3Dlightbox%26settings%3DeyJpZCI6ODgzLCJ1cmwiOiJodHRwczpcL1wvY2xhcm9zY3Vyby1zdHVkaW8uY29tXC93cC1jb250ZW50XC91cGxvYWRzXC8yMDI0XC8wMlwvSU1HXzA2NTMtcm90YXRlZC5qcGciLCJzbGlkZXNob3ciOiIxZTRmZmNmIn0%3D\" href=\"https:\/\/claroscuro-studio.com\/es\/inspiracion\/\"><figure class=\"swiper-slide-inner\"><img class=\"swiper-slide-image swiper-lazy\" data-src=\"https:\/\/claroscuro-studio.com\/wp-content\/uploads\/2024\/02\/IMG_0653-rotated.jpg\" alt=\"IMG_0653\" \/><div class=\"swiper-lazy-preloader\"><\/div><\/figure><\/a><\/div><div class=\"swiper-slide\" role=\"group\" aria-roledescription=\"slide\" aria-label=\"6 de 18\"><a data-elementor-open-lightbox=\"yes\" data-elementor-lightbox-slideshow=\"1e4ffcf\" data-e-action-hash=\"#elementor-action%3Aaction%3Dlightbox%26settings%3DeyJpZCI6ODg1LCJ1cmwiOiJodHRwczpcL1wvY2xhcm9zY3Vyby1zdHVkaW8uY29tXC93cC1jb250ZW50XC91cGxvYWRzXC8yMDI0XC8wMlwvSU1HXzI0MjUtZTE3MDg3MTE5NTk3OTguanBnIiwic2xpZGVzaG93IjoiMWU0ZmZjZiJ9\" href=\"https:\/\/claroscuro-studio.com\/es\/inspiracion\/\"><figure class=\"swiper-slide-inner\"><img class=\"swiper-slide-image swiper-lazy\" data-src=\"https:\/\/claroscuro-studio.com\/wp-content\/uploads\/2024\/02\/IMG_2425-e1708711959798.jpg\" alt=\"IMG_2425\" \/><div class=\"swiper-lazy-preloader\"><\/div><\/figure><\/a><\/div><div class=\"swiper-slide\" role=\"group\" aria-roledescription=\"slide\" aria-label=\"7 de 18\"><a data-elementor-open-lightbox=\"yes\" data-elementor-lightbox-slideshow=\"1e4ffcf\" data-e-action-hash=\"#elementor-action%3Aaction%3Dlightbox%26settings%3DeyJpZCI6ODkzLCJ1cmwiOiJodHRwczpcL1wvY2xhcm9zY3Vyby1zdHVkaW8uY29tXC93cC1jb250ZW50XC91cGxvYWRzXC8yMDI0XC8wMlwvSU1HXzU5MTQtcm90YXRlZC5qcGciLCJzbGlkZXNob3ciOiIxZTRmZmNmIn0%3D\" href=\"https:\/\/claroscuro-studio.com\/es\/inspiracion\/\"><figure class=\"swiper-slide-inner\"><img class=\"swiper-slide-image swiper-lazy\" data-src=\"https:\/\/claroscuro-studio.com\/wp-content\/uploads\/2024\/02\/IMG_5914-rotated.jpg\" alt=\"IMG_5914\" \/><div class=\"swiper-lazy-preloader\"><\/div><\/figure><\/a><\/div><div class=\"swiper-slide\" role=\"group\" aria-roledescription=\"slide\" aria-label=\"8 de 18\"><a data-elementor-open-lightbox=\"yes\" data-elementor-lightbox-slideshow=\"1e4ffcf\" data-e-action-hash=\"#elementor-action%3Aaction%3Dlightbox%26settings%3DeyJpZCI6ODg0LCJ1cmwiOiJodHRwczpcL1wvY2xhcm9zY3Vyby1zdHVkaW8uY29tXC93cC1jb250ZW50XC91cGxvYWRzXC8yMDI0XC8wMlwvSU1HXzE5OTYuanBnIiwic2xpZGVzaG93IjoiMWU0ZmZjZiJ9\" href=\"https:\/\/claroscuro-studio.com\/es\/inspiracion\/\"><figure class=\"swiper-slide-inner\"><img class=\"swiper-slide-image swiper-lazy\" data-src=\"https:\/\/claroscuro-studio.com\/wp-content\/uploads\/2024\/02\/IMG_1996.jpg\" alt=\"IMG_1996\" \/><div class=\"swiper-lazy-preloader\"><\/div><\/figure><\/a><\/div><div class=\"swiper-slide\" role=\"group\" aria-roledescription=\"slide\" aria-label=\"9 de 18\"><a data-elementor-open-lightbox=\"yes\" data-elementor-lightbox-slideshow=\"1e4ffcf\" data-e-action-hash=\"#elementor-action%3Aaction%3Dlightbox%26settings%3DeyJpZCI6ODg5LCJ1cmwiOiJodHRwczpcL1wvY2xhcm9zY3Vyby1zdHVkaW8uY29tXC93cC1jb250ZW50XC91cGxvYWRzXC8yMDI0XC8wMlwvSU1HXzQzNjEuanBnIiwic2xpZGVzaG93IjoiMWU0ZmZjZiJ9\" href=\"https:\/\/claroscuro-studio.com\/es\/inspiracion\/\"><figure class=\"swiper-slide-inner\"><img class=\"swiper-slide-image swiper-lazy\" data-src=\"https:\/\/claroscuro-studio.com\/wp-content\/uploads\/2024\/02\/IMG_4361.jpg\" alt=\"IMG_4361\" \/><div class=\"swiper-lazy-preloader\"><\/div><\/figure><\/a><\/div><div class=\"swiper-slide\" role=\"group\" aria-roledescription=\"slide\" aria-label=\"10 de 18\"><a data-elementor-open-lightbox=\"yes\" data-elementor-lightbox-slideshow=\"1e4ffcf\" data-e-action-hash=\"#elementor-action%3Aaction%3Dlightbox%26settings%3DeyJpZCI6ODkwLCJ1cmwiOiJodHRwczpcL1wvY2xhcm9zY3Vyby1zdHVkaW8uY29tXC93cC1jb250ZW50XC91cGxvYWRzXC8yMDI0XC8wMlwvSU1HXzQ0OTkuanBnIiwic2xpZGVzaG93IjoiMWU0ZmZjZiJ9\" href=\"https:\/\/claroscuro-studio.com\/es\/inspiracion\/\"><figure class=\"swiper-slide-inner\"><img class=\"swiper-slide-image swiper-lazy\" data-src=\"https:\/\/claroscuro-studio.com\/wp-content\/uploads\/2024\/02\/IMG_4499.jpg\" alt=\"IMG_4499\" \/><div class=\"swiper-lazy-preloader\"><\/div><\/figure><\/a><\/div><div class=\"swiper-slide\" role=\"group\" aria-roledescription=\"slide\" aria-label=\"11 de 18\"><a data-elementor-open-lightbox=\"yes\" data-elementor-lightbox-slideshow=\"1e4ffcf\" data-e-action-hash=\"#elementor-action%3Aaction%3Dlightbox%26settings%3DeyJpZCI6ODkxLCJ1cmwiOiJodHRwczpcL1wvY2xhcm9zY3Vyby1zdHVkaW8uY29tXC93cC1jb250ZW50XC91cGxvYWRzXC8yMDI0XC8wMlwvSU1HXzQ1NzcuanBnIiwic2xpZGVzaG93IjoiMWU0ZmZjZiJ9\" href=\"https:\/\/claroscuro-studio.com\/es\/inspiracion\/\"><figure class=\"swiper-slide-inner\"><img class=\"swiper-slide-image swiper-lazy\" data-src=\"https:\/\/claroscuro-studio.com\/wp-content\/uploads\/2024\/02\/IMG_4577.jpg\" alt=\"IMG_4577\" \/><div class=\"swiper-lazy-preloader\"><\/div><\/figure><\/a><\/div><div class=\"swiper-slide\" role=\"group\" aria-roledescription=\"slide\" aria-label=\"12 de 18\"><a data-elementor-open-lightbox=\"yes\" data-elementor-lightbox-slideshow=\"1e4ffcf\" data-e-action-hash=\"#elementor-action%3Aaction%3Dlightbox%26settings%3DeyJpZCI6ODkyLCJ1cmwiOiJodHRwczpcL1wvY2xhcm9zY3Vyby1zdHVkaW8uY29tXC93cC1jb250ZW50XC91cGxvYWRzXC8yMDI0XC8wMlwvSU1HXzUwMjItcm90YXRlZC5qcGciLCJzbGlkZXNob3ciOiIxZTRmZmNmIn0%3D\" href=\"https:\/\/claroscuro-studio.com\/es\/inspiracion\/\"><figure class=\"swiper-slide-inner\"><img class=\"swiper-slide-image swiper-lazy\" data-src=\"https:\/\/claroscuro-studio.com\/wp-content\/uploads\/2024\/02\/IMG_5022-rotated.jpg\" alt=\"IMG_5022\" \/><div class=\"swiper-lazy-preloader\"><\/div><\/figure><\/a><\/div><div class=\"swiper-slide\" role=\"group\" aria-roledescription=\"slide\" aria-label=\"13 de 18\"><a data-elementor-open-lightbox=\"yes\" data-elementor-lightbox-slideshow=\"1e4ffcf\" data-e-action-hash=\"#elementor-action%3Aaction%3Dlightbox%26settings%3DeyJpZCI6ODk0LCJ1cmwiOiJodHRwczpcL1wvY2xhcm9zY3Vyby1zdHVkaW8uY29tXC93cC1jb250ZW50XC91cGxvYWRzXC8yMDI0XC8wMlwvSU1HXzc0OTAtcm90YXRlZC5qcGciLCJzbGlkZXNob3ciOiIxZTRmZmNmIn0%3D\" href=\"https:\/\/claroscuro-studio.com\/es\/inspiracion\/\"><figure class=\"swiper-slide-inner\"><img class=\"swiper-slide-image swiper-lazy\" data-src=\"https:\/\/claroscuro-studio.com\/wp-content\/uploads\/2024\/02\/IMG_7490-rotated.jpg\" alt=\"IMG_7490\" \/><div class=\"swiper-lazy-preloader\"><\/div><\/figure><\/a><\/div><div class=\"swiper-slide\" role=\"group\" aria-roledescription=\"slide\" aria-label=\"14 de 18\"><a data-elementor-open-lightbox=\"yes\" data-elementor-lightbox-slideshow=\"1e4ffcf\" data-e-action-hash=\"#elementor-action%3Aaction%3Dlightbox%26settings%3DeyJpZCI6ODk1LCJ1cmwiOiJodHRwczpcL1wvY2xhcm9zY3Vyby1zdHVkaW8uY29tXC93cC1jb250ZW50XC91cGxvYWRzXC8yMDI0XC8wMlwvSU1HXzc5NTEtcm90YXRlZC5qcGciLCJzbGlkZXNob3ciOiIxZTRmZmNmIn0%3D\" href=\"https:\/\/claroscuro-studio.com\/es\/inspiracion\/\"><figure class=\"swiper-slide-inner\"><img class=\"swiper-slide-image swiper-lazy\" data-src=\"https:\/\/claroscuro-studio.com\/wp-content\/uploads\/2024\/02\/IMG_7951-rotated.jpg\" alt=\"IMG_7951\" \/><div class=\"swiper-lazy-preloader\"><\/div><\/figure><\/a><\/div><div class=\"swiper-slide\" role=\"group\" aria-roledescription=\"slide\" aria-label=\"15 de 18\"><a data-elementor-open-lightbox=\"yes\" data-elementor-lightbox-slideshow=\"1e4ffcf\" data-e-action-hash=\"#elementor-action%3Aaction%3Dlightbox%26settings%3DeyJpZCI6ODk2LCJ1cmwiOiJodHRwczpcL1wvY2xhcm9zY3Vyby1zdHVkaW8uY29tXC93cC1jb250ZW50XC91cGxvYWRzXC8yMDI0XC8wMlwvSU1HXzgxNTUuanBnIiwic2xpZGVzaG93IjoiMWU0ZmZjZiJ9\" href=\"https:\/\/claroscuro-studio.com\/es\/inspiracion\/\"><figure class=\"swiper-slide-inner\"><img class=\"swiper-slide-image swiper-lazy\" data-src=\"https:\/\/claroscuro-studio.com\/wp-content\/uploads\/2024\/02\/IMG_8155.jpg\" alt=\"IMG_8155\" \/><div class=\"swiper-lazy-preloader\"><\/div><\/figure><\/a><\/div><div class=\"swiper-slide\" role=\"group\" aria-roledescription=\"slide\" aria-label=\"16 de 18\"><a data-elementor-open-lightbox=\"yes\" data-elementor-lightbox-slideshow=\"1e4ffcf\" data-e-action-hash=\"#elementor-action%3Aaction%3Dlightbox%26settings%3DeyJpZCI6ODk3LCJ1cmwiOiJodHRwczpcL1wvY2xhcm9zY3Vyby1zdHVkaW8uY29tXC93cC1jb250ZW50XC91cGxvYWRzXC8yMDI0XC8wMlwvSU1HXzgzODYtcm90YXRlZC5qcGciLCJzbGlkZXNob3ciOiIxZTRmZmNmIn0%3D\" href=\"https:\/\/claroscuro-studio.com\/es\/inspiracion\/\"><figure class=\"swiper-slide-inner\"><img class=\"swiper-slide-image swiper-lazy\" data-src=\"https:\/\/claroscuro-studio.com\/wp-content\/uploads\/2024\/02\/IMG_8386-rotated.jpg\" alt=\"IMG_8386\" \/><div class=\"swiper-lazy-preloader\"><\/div><\/figure><\/a><\/div><div class=\"swiper-slide\" role=\"group\" aria-roledescription=\"slide\" aria-label=\"17 de 18\"><a data-elementor-open-lightbox=\"yes\" data-elementor-lightbox-slideshow=\"1e4ffcf\" data-e-action-hash=\"#elementor-action%3Aaction%3Dlightbox%26settings%3DeyJpZCI6ODk4LCJ1cmwiOiJodHRwczpcL1wvY2xhcm9zY3Vyby1zdHVkaW8uY29tXC93cC1jb250ZW50XC91cGxvYWRzXC8yMDI0XC8wMlwvSU1HXzg1MzcuanBnIiwic2xpZGVzaG93IjoiMWU0ZmZjZiJ9\" href=\"https:\/\/claroscuro-studio.com\/es\/inspiracion\/\"><figure class=\"swiper-slide-inner\"><img class=\"swiper-slide-image swiper-lazy\" data-src=\"https:\/\/claroscuro-studio.com\/wp-content\/uploads\/2024\/02\/IMG_8537.jpg\" alt=\"IMG_8537\" \/><div class=\"swiper-lazy-preloader\"><\/div><\/figure><\/a><\/div><div class=\"swiper-slide\" role=\"group\" aria-roledescription=\"slide\" aria-label=\"18 de 18\"><a data-elementor-open-lightbox=\"yes\" data-elementor-lightbox-slideshow=\"1e4ffcf\" data-e-action-hash=\"#elementor-action%3Aaction%3Dlightbox%26settings%3DeyJpZCI6ODk5LCJ1cmwiOiJodHRwczpcL1wvY2xhcm9zY3Vyby1zdHVkaW8uY29tXC93cC1jb250ZW50XC91cGxvYWRzXC8yMDI0XC8wMlwvSU1HXzg5NjctMS5qcGciLCJzbGlkZXNob3ciOiIxZTRmZmNmIn0%3D\" href=\"https:\/\/claroscuro-studio.com\/es\/inspiracion\/\"><figure class=\"swiper-slide-inner\"><img class=\"swiper-slide-image swiper-lazy\" data-src=\"https:\/\/claroscuro-studio.com\/wp-content\/uploads\/2024\/02\/IMG_8967-1.jpg\" alt=\"IMG_8967\" \/><div class=\"swiper-lazy-preloader\"><\/div><\/figure><\/a><\/div>\t\t\t<\/div>\n\t\t\t\t\t\t\t\n\t\t\t\t\t\t\t\t\t<\/div>\n\t\t\t\t\t\t<\/div>\n\t\t\t\t<\/div>\n\t\t\t\t\t<\/div>\n\t\t<\/div>\n\t\t\t\t\t<\/div>\n\t\t<\/section>\n\t\t\t\t<\/div>","protected":false},"excerpt":{"rendered":"<p>CLAROSCURO IS A LANDSCAPE ARCHITECTURE STUDIO With a deep understanding of the relationship between space and nature, Claroscuro Studio specializes in crafting balanced and cohesive environments that blend the contemporary with the organic, capturing the essence of each place while respecting its context and local culture. Each project reflects a commitment to sustainability, functionality, and [&hellip;]<\/p>","protected":false},"author":1,"featured_media":0,"parent":0,"menu_order":0,"comment_status":"closed","ping_status":"closed","template":"elementor_header_footer","meta":{"footnotes":""},"class_list":["post-146","page","type-page","status-publish","hentry"],"_links":{"self":[{"href":"https:\/\/claroscuro-studio.com\/es\/wp-json\/wp\/v2\/pages\/146","targetHints":{"allow":["GET"]}}],"collection":[{"href":"https:\/\/claroscuro-studio.com\/es\/wp-json\/wp\/v2\/pages"}],"about":[{"href":"https:\/\/claroscuro-studio.com\/es\/wp-json\/wp\/v2\/types\/page"}],"author":[{"embeddable":true,"href":"https:\/\/claroscuro-studio.com\/es\/wp-json\/wp\/v2\/users\/1"}],"replies":[{"embeddable":true,"href":"https:\/\/claroscuro-studio.com\/es\/wp-json\/wp\/v2\/comments?post=146"}],"version-history":[{"count":415,"href":"https:\/\/claroscuro-studio.com\/es\/wp-json\/wp\/v2\/pages\/146\/revisions"}],"predecessor-version":[{"id":1983,"href":"https:\/\/claroscuro-studio.com\/es\/wp-json\/wp\/v2\/pages\/146\/revisions\/1983"}],"wp:attachment":[{"href":"https:\/\/claroscuro-studio.com\/es\/wp-json\/wp\/v2\/media?parent=146"}],"curies":[{"name":"wp","href":"https:\/\/api.w.org\/{rel}","templated":true}]}}