{"id":141,"date":"2023-12-12T13:45:04","date_gmt":"2023-12-12T12:45:04","guid":{"rendered":"https:\/\/claroscuro-studio.com\/index.php\/about\/"},"modified":"2025-09-15T19:55:25","modified_gmt":"2025-09-15T17:55:25","slug":"about","status":"publish","type":"page","link":"https:\/\/claroscuro-studio.com\/es\/about\/","title":{"rendered":"About"},"content":{"rendered":"<div data-elementor-type=\"wp-page\" data-elementor-id=\"141\" class=\"elementor elementor-141\" data-elementor-post-type=\"page\">\n\t\t\t\t\t\t<section class=\"elementor-section elementor-top-section elementor-element elementor-element-6eaf2853 elementor-section-height-min-height elementor-section-items-stretch elementor-section-content-middle elementor-section-boxed elementor-section-height-default\" data-id=\"6eaf2853\" data-element_type=\"section\">\n\t\t\t\t\t\t<div class=\"elementor-container elementor-column-gap-no\">\n\t\t\t\t\t<div class=\"elementor-column elementor-col-50 elementor-top-column elementor-element elementor-element-1206f854 animated-slow elementor-invisible\" data-id=\"1206f854\" data-element_type=\"column\" data-settings=\"{&quot;background_background&quot;:&quot;classic&quot;,&quot;animation&quot;:&quot;fadeIn&quot;}\">\n\t\t\t<div class=\"elementor-widget-wrap elementor-element-populated\">\n\t\t\t\t\t\t<div class=\"elementor-element elementor-element-24323d9c elementor-widget-mobile__width-initial elementor-widget elementor-widget-spacer\" data-id=\"24323d9c\" data-element_type=\"widget\" data-widget_type=\"spacer.default\">\n\t\t\t\t<div class=\"elementor-widget-container\">\n\t\t\t\t\t\t\t<div class=\"elementor-spacer\">\n\t\t\t<div class=\"elementor-spacer-inner\"><\/div>\n\t\t<\/div>\n\t\t\t\t\t\t<\/div>\n\t\t\t\t<\/div>\n\t\t\t\t\t<\/div>\n\t\t<\/div>\n\t\t\t\t<div class=\"elementor-column elementor-col-50 elementor-top-column elementor-element elementor-element-65a20090\" data-id=\"65a20090\" data-element_type=\"column\">\n\t\t\t<div class=\"elementor-widget-wrap elementor-element-populated\">\n\t\t\t\t\t\t<section class=\"elementor-section elementor-inner-section elementor-element elementor-element-5f1cfd54 elementor-section-full_width elementor-section-height-default elementor-section-height-default\" data-id=\"5f1cfd54\" data-element_type=\"section\">\n\t\t\t\t\t\t<div class=\"elementor-container elementor-column-gap-no\">\n\t\t\t\t\t<div class=\"elementor-column elementor-col-100 elementor-inner-column elementor-element elementor-element-6a99c4c8\" data-id=\"6a99c4c8\" data-element_type=\"column\">\n\t\t\t<div class=\"elementor-widget-wrap elementor-element-populated\">\n\t\t\t\t\t\t<div class=\"elementor-element elementor-element-26ed665e elementor-widget elementor-widget-heading\" data-id=\"26ed665e\" data-element_type=\"widget\" data-widget_type=\"heading.default\">\n\t\t\t\t<div class=\"elementor-widget-container\">\n\t\t\t\t\t<h1 class=\"elementor-heading-title elementor-size-default\">About<\/h1>\t\t\t\t<\/div>\n\t\t\t\t<\/div>\n\t\t\t\t<div class=\"elementor-element elementor-element-6633fbb elementor-widget__width-initial elementor-widget elementor-widget-heading\" data-id=\"6633fbb\" data-element_type=\"widget\" data-widget_type=\"heading.default\">\n\t\t\t\t<div class=\"elementor-widget-container\">\n\t\t\t\t\t<h2 class=\"elementor-heading-title elementor-size-default\">CLAROSCURO<\/h2>\t\t\t\t<\/div>\n\t\t\t\t<\/div>\n\t\t\t\t<div class=\"elementor-element elementor-element-40f2a0a elementor-view-default elementor-widget elementor-widget-icon\" data-id=\"40f2a0a\" data-element_type=\"widget\" data-widget_type=\"icon.default\">\n\t\t\t\t<div class=\"elementor-widget-container\">\n\t\t\t\t\t\t\t<div class=\"elementor-icon-wrapper\">\n\t\t\t<a class=\"elementor-icon elementor-animation-grow\" href=\"#abajo\">\n\t\t\t<svg xmlns=\"http:\/\/www.w3.org\/2000\/svg\" xmlns:xlink=\"http:\/\/www.w3.org\/1999\/xlink\" x=\"0px\" y=\"0px\" viewbox=\"0 0 103 57.6\" style=\"enable-background:new 0 0 103 57.6;\" xml:space=\"preserve\"><style type=\"text\/css\">\t.st0{display:none;}\t.st1{display:inline;fill:#FFFFFF;stroke:#414141;stroke-width:6;stroke-miterlimit:10;}\t.st2{fill:none;stroke:#414141;stroke-width:6;stroke-miterlimit:10;}<\/style><g id=\"Capa_1\" class=\"st0\">\t<path class=\"st1\" d=\"M94.6,6.6C64.2,37.5,33.8,68.4,3.4,99.4\"><\/path>\t<path class=\"st1\" d=\"M96.6,98.3C81.3,82.1,66.1,65.9,50.8,49.8c-14.5-15.3-29-30.7-43.4-46\"><\/path><\/g><g id=\"Capa_2\">\t<polyline class=\"st2\" points=\"94.2,5.9 51.2,49.8 7,4.4  \"><\/polyline><\/g><\/svg>\t\t\t<\/a>\n\t\t<\/div>\n\t\t\t\t\t\t<\/div>\n\t\t\t\t<\/div>\n\t\t\t\t\t<\/div>\n\t\t<\/div>\n\t\t\t\t\t<\/div>\n\t\t<\/section>\n\t\t\t\t\t<\/div>\n\t\t<\/div>\n\t\t\t\t\t<\/div>\n\t\t<\/section>\n\t\t\t\t<section class=\"elementor-section elementor-top-section elementor-element elementor-element-392ebc9b elementor-section-boxed elementor-section-height-default elementor-section-height-default\" data-id=\"392ebc9b\" data-element_type=\"section\">\n\t\t\t\t\t\t<div class=\"elementor-container elementor-column-gap-no\">\n\t\t\t\t\t<div class=\"elementor-column elementor-col-100 elementor-top-column elementor-element elementor-element-51a0b8bf\" data-id=\"51a0b8bf\" data-element_type=\"column\">\n\t\t\t<div class=\"elementor-widget-wrap elementor-element-populated\">\n\t\t\t\t\t\t<div class=\"elementor-element elementor-element-4978c6f elementor-widget elementor-widget-heading\" data-id=\"4978c6f\" data-element_type=\"widget\" data-widget_type=\"heading.default\">\n\t\t\t\t<div class=\"elementor-widget-container\">\n\t\t\t\t\t<h2 class=\"elementor-heading-title elementor-size-default\">Vanessa Cordero I FUNDADORA<\/h2>\t\t\t\t<\/div>\n\t\t\t\t<\/div>\n\t\t\t\t<div class=\"elementor-element elementor-element-20affa6 elementor-widget elementor-widget-heading\" data-id=\"20affa6\" data-element_type=\"widget\" data-widget_type=\"heading.default\">\n\t\t\t\t<div class=\"elementor-widget-container\">\n\t\t\t\t\t<p class=\"elementor-heading-title elementor-size-default\"><a href=\"https:\/\/www.instagram.com\/_claroscurostudio\" target=\"_blank\">B.Arch MLA<\/a><\/p>\t\t\t\t<\/div>\n\t\t\t\t<\/div>\n\t\t\t\t<div class=\"elementor-element elementor-element-423531e elementor-widget elementor-widget-menu-anchor\" data-id=\"423531e\" data-element_type=\"widget\" data-widget_type=\"menu-anchor.default\">\n\t\t\t\t<div class=\"elementor-widget-container\">\n\t\t\t\t\t\t\t<div class=\"elementor-menu-anchor\" id=\"abajo\"><\/div>\n\t\t\t\t\t\t<\/div>\n\t\t\t\t<\/div>\n\t\t\t\t<div class=\"elementor-element elementor-element-be26adc elementor-widget elementor-widget-spacer\" data-id=\"be26adc\" data-element_type=\"widget\" data-widget_type=\"spacer.default\">\n\t\t\t\t<div class=\"elementor-widget-container\">\n\t\t\t\t\t\t\t<div class=\"elementor-spacer\">\n\t\t\t<div class=\"elementor-spacer-inner\"><\/div>\n\t\t<\/div>\n\t\t\t\t\t\t<\/div>\n\t\t\t\t<\/div>\n\t\t\t\t<div class=\"elementor-element elementor-element-47a5b7e5 elementor-widget elementor-widget-text-editor\" data-id=\"47a5b7e5\" data-element_type=\"widget\" data-widget_type=\"text-editor.default\">\n\t\t\t\t<div class=\"elementor-widget-container\">\n\t\t\t\t\t\t\t\t\t<p>Vanessa es una arquitecta paisajista mexicana con m\u00e1s de dos d\u00e9cadas de experiencia internacional trabajando en despachos de arquitectura de paisaje l\u00edderes en Ciudad de M\u00e9xico (GDU\/ Mario Schjetnan), Nueva York (Hargreaves Jones), Washington D.C. (Landscape Architecture Bureau (LAB)) y Londres (Adjaye Associates) antes de fundar Claroscuro Studio en 2021.\u00a0<\/p><p>Su amplia experiencia en proyectos abarca desde el desarrollo de plan maestro, concepci\u00f3n de dise\u00f1o hasta el desarrollo y la ejecuci\u00f3n del proyecto. Su trabajo abarca diversas escalas, desde comisiones internacionales de alto perfil como el Plan Maestro del Acuario Xochimilco en Ciudad de M\u00e9xico (en Hargreaves Associates con TEN Arquitectos) y la Casa de la Familia Abrah\u00e1mica en Abu Dhabi (en Adjaye Associates), hasta intervenciones a menor escala como el Patio Ivor Place y el Parque de Bolsillo Brondesbury Villas en Londres (Claroscuro Studio).<\/p><p>\u00a0Su pr\u00e1ctica abarca experiencia con sitios abandonados y proyectos que implican el reaprovechamiento de materiales, guiada por un \u00e9nfasis constante en expresar el contexto \u00fanico de cada sitio: su historia, su conexi\u00f3n con las personas y su entorno natural. Ha dise\u00f1ado y ejecutado una amplia variedad de proyectos, desde transformar un estacionamiento escolar en un patio exuberante hasta co-dise\u00f1ar con los residentes la regeneraci\u00f3n de un espacio verde y convertirlo en un parque accesible y vibrante. Su trabajo est\u00e1 impulsado por un compromiso con la mejora de los entornos urbanos a trav\u00e9s de soluciones de dise\u00f1o reflexivas y positivas para el clima, que construyen y profundizan la conexi\u00f3n entre las personas que los habitan y la naturaleza.\u00a0<\/p><p>Su pr\u00e1ctica abarca la experiencia con sitios abandonados y proyectos que implican la reutilizaci\u00f3n adaptativa de materiales, guiados por un \u00e9nfasis constante en expresar el contexto \u00fanico de cada sitio: su historia, su conexi\u00f3n con las personas, su entorno natural. Ha dise\u00f1ado y ejecutado una amplia gama de proyectos, desde la transformaci\u00f3n del aparcamiento de una escuela en un exuberante patio hasta el codise\u00f1o con residentes locales para regenerar un espacio verde abandonado en un peque\u00f1o parque vibrante, acogedor y accesible. Su trabajo est\u00e1 impulsado por el compromiso de mejorar los entornos urbanos mediante soluciones de dise\u00f1o reflexivas y clim\u00e1ticamente positivas que construyen y profundizan la conexi\u00f3n entre las personas y la naturaleza.\u00a0<\/p><p>Vanessa tiene una Maestr\u00eda en Arquitectura del Paisaje de la Universidad de Pennsylvania y una Licenciatura en Arquitectura de la Universidad An\u00e1huac. Es miembro Asociada del Landscape Institute (Reino Unido) y obtuvo un Diploma en Dise\u00f1o de Jardines con Distinci\u00f3n del London College of Garden Design. Vanessa tambi\u00e9n es ex-alumna del prestigioso Programa de Asociados de Public Practice.<\/p>\t\t\t\t\t\t\t\t<\/div>\n\t\t\t\t<\/div>\n\t\t\t\t\t<\/div>\n\t\t<\/div>\n\t\t\t\t\t<\/div>\n\t\t<\/section>\n\t\t\t\t<\/div>","protected":false},"excerpt":{"rendered":"<p>About CLAROSCURO Vanessa Cordero I FOUNDER B.Arch MLA Vanessa is a Mexican landscape architect with over two decades of international experience working in leading practices in Mexico City (GDU\/ Mario Schjetnan), New York City (Hargreaves Jones), Washington D.C (Landscape Architecture Bureau (LAB)), and London (Adjaye Associates) before founding Claroscuro Studio in 2021.\u00a0 Her broad range [&hellip;]<\/p>","protected":false},"author":1,"featured_media":0,"parent":0,"menu_order":0,"comment_status":"closed","ping_status":"closed","template":"elementor_header_footer","meta":{"footnotes":""},"class_list":["post-141","page","type-page","status-publish","hentry"],"_links":{"self":[{"href":"https:\/\/claroscuro-studio.com\/es\/wp-json\/wp\/v2\/pages\/141","targetHints":{"allow":["GET"]}}],"collection":[{"href":"https:\/\/claroscuro-studio.com\/es\/wp-json\/wp\/v2\/pages"}],"about":[{"href":"https:\/\/claroscuro-studio.com\/es\/wp-json\/wp\/v2\/types\/page"}],"author":[{"embeddable":true,"href":"https:\/\/claroscuro-studio.com\/es\/wp-json\/wp\/v2\/users\/1"}],"replies":[{"embeddable":true,"href":"https:\/\/claroscuro-studio.com\/es\/wp-json\/wp\/v2\/comments?post=141"}],"version-history":[{"count":169,"href":"https:\/\/claroscuro-studio.com\/es\/wp-json\/wp\/v2\/pages\/141\/revisions"}],"predecessor-version":[{"id":2030,"href":"https:\/\/claroscuro-studio.com\/es\/wp-json\/wp\/v2\/pages\/141\/revisions\/2030"}],"wp:attachment":[{"href":"https:\/\/claroscuro-studio.com\/es\/wp-json\/wp\/v2\/media?parent=141"}],"curies":[{"name":"wp","href":"https:\/\/api.w.org\/{rel}","templated":true}]}}